{"id":15,"date":"2014-03-08T09:13:07","date_gmt":"2014-03-08T08:13:07","guid":{"rendered":"http:\/\/www.uaba-opatija.hr\/?page_id=15"},"modified":"2016-01-03T10:18:17","modified_gmt":"2016-01-03T09:18:17","slug":"povijest","status":"publish","type":"page","link":"http:\/\/www.uaba-opatija.hr\/index.php\/povijest\/","title":{"rendered":"Povijest"},"content":{"rendered":"<p>U Hrvatskoj je 1948. osnovan Savez udru\u017eenja boraca Narodno-oslobodila\u010dkog rata Hrvatske (SUBNOR H) u sastavu SUBNOR-a Jugoslavije.<br \/>\nSUBNOR Republike Hrvatske je po\u010detkom 1991., a prije formalnog raspada Jugoslavenske dr\u017eave, napustio \u010dlanstvo u SUBNOR-u Jugoslavije i nastavio samostalnu djelatnost kao Savez antifa\u0161isti\u010dkih boraca Hrvatske. Od 1993. godine Savez antifa\u0161isti\u010dkih boraca Hrvatske punopravni je \u010dlan Svjetske federacije biv\u0161ih boraca (FMAC).<br \/>\nU Opatiji je sredinom pedesetih godina, nakon definitivnog rje\u0161enja statusa tada\u0161nje Zone B, osnovano Udru\u017eenje boraca Narodnooslobodila\u010dkog rata op\u0107ine Opatija.<br \/>\nUdru\u017eenje je nastavilo s radom 1992. kao Udruga antifa\u0161isti\u010dkih boraca i antifa\u0161ista Grada Opatije (UABA Grada Opatije) \u2013 imenom koje i danas nosi.<br \/>\nDanas ne znamo sve njene predsjednike, \u00a0jer arhivski podaci nisu do nas doprli. Navodimo samo one zadnjeg desetlje\u0107a: Frlan, Ivan Cvek, Iva Bjelajac i Oleg Mandi\u0107. Zahvalni \u0107emo biti onima koji se sje\u0107aju i drugih imena da nam pomognu upotpuniti prazninu.<br \/>\nUdruga trenuta\u010dno broji oko 500 \u010dlanova.<\/p>\n<figure style=\"width: 640px\" class=\"wp-caption aligncenter\"><img loading=\"lazy\" decoding=\"async\" src=\"https:\/\/farm3.staticflickr.com\/2896\/14458849042_f93a28d428_z_d.jpg\" alt=\"\" width=\"640\" height=\"250\" \/><figcaption class=\"wp-caption-text\">Dosada\u0161nji\u00a0\u00a0predsjednici Cvek, Sorta Bilajac Turina i Mandi\u0107<\/figcaption><\/figure>\n<p>&nbsp;<\/p>\n<h2><strong>I TO JE MOGU\u0106E!<\/strong><\/h2>\n<p>Dragovoljci, invalidi i branitelji iz Domovinskog rata imaju svoje parade, udruge, godi\u0161njice, skupove i sje\u0107anja. \u00a0Antifa\u0161isti\u010dki borci Drugog svjetskog rata, na\u0161i \u010dlanovi, tako\u0111er. I jedni i drugi se prigodomice sastaju i dru\u017ee, ali samo izme\u0111u sebe. Nikada nisam \u010duo da bi to \u010dinili zajedno. Mnogo je takovom razmi\u0161ljanju i djelovanju doprinijelo i naprasno stvoreno javno mnijenje koje je jedne svrstavalo lijevo, a druge desno. I kao takovi bili bi inkompatibilni &#8220;u istoj vre\u0107i&#8221;.<\/p>\n<p>Ali nije tako.<\/p>\n<p>Mo\u017eda je na\u0161e liburnijsko okru\u017eenje liberalnije. Mo\u017eda razboritije. Pa smo slijedom razmi\u0161ljanja iznjedrenih u takvoj sredini, pred nekoliko godina stali pomla\u0111ivati na\u0161u opatijsku udrugu, isti\u010du\u0107i i stavljaju\u0107i u prvi plan njen antifa\u0161isti\u010dki karakter. Tuma\u010de\u0107i pri tome kako antifa\u0161izam nije religija niti dogma, ve\u0107 na\u010din pozitivnog razmi\u0161ljanja i dru\u0161tveni korektiv.<\/p>\n<figure style=\"width: 565px\" class=\"wp-caption alignleft\"><img loading=\"lazy\" decoding=\"async\" src=\"https:\/\/farm4.staticflickr.com\/3669\/14121495267_3a2cbf8f1e_z_d.jpg\" alt=\"\" width=\"565\" height=\"361\" \/><figcaption class=\"wp-caption-text\">Bo\u0107e koje povezuju: Mirko Novoselovi\u0107, predsjednik Udruge dragovoljaca i veterana Domovinskog rata Opatija i Oleg Mandi\u0107, predsjednik UABA Opatije u prigodnim majicama pred ljutiti boj bo\u0107ama.<\/figcaption><\/figure>\n<p>Takvim pristupom nam se brojnost \u010dlanstva bitno uve\u0107ala, unato\u010d &#8211; uslijed godina, boljetica i starosti &#8211; neumitnom &#8220;odlasku&#8221; sve ve\u0107eg broja boraca.<\/p>\n<p>Zapazili smo da je me\u0111u novoprido\u0161lim \u010dlanovima i desetak njih koji su oru\u017ejem u ruci u\u010destvovali u Domovinskom ratu.<\/p>\n<p>Prema tome nije bilo neutemeljeno po\u010det razmi\u0161ljati o me\u0111usobnoj suradnji.<\/p>\n<p>Tako je i bilo.<\/p>\n<p>&nbsp;<\/p>\n<figure style=\"width: 240px\" class=\"wp-caption alignleft\"><img loading=\"lazy\" decoding=\"async\" src=\"https:\/\/farm3.staticflickr.com\/2924\/14306133282_ceb0bcb18b_m_d.jpg\" alt=\"\" width=\"240\" height=\"150\" \/><figcaption class=\"wp-caption-text\">Sportsko dru\u017eenje opatijskih antifa\u0161ista i branitelja: na jogu (staza za igru) &#8211; koncentracija pri bacanju bo\u0107a.<\/figcaption><\/figure>\n<p>Po\u010delo je sa time da smo na sve blagdane, godi\u0161njice i sje\u0107anja zajedni\u010dki polagali vijence i svije\u0107e na spomenike i grobove, a to \u010dinimo i danas. Nastavilo se u aferi LRH kada smo obznanili zajedni\u010dku peticiju o prodaji dionica gra\u0111anima Opatije. A vrhunac takovog postupanja imali smo u nedjelju 12 rujna 2010., kada se pedesetak \u010dlanova opatijskih udruga proiza\u0161lih iz ratova XX stolje\u0107a sastalo na bo\u0107ali\u0161tu u Poljanama, u svrhu dru\u017eenja i domjenka uz sportske susrete u bo\u0107anju, stolnom tenisu, pikadu, bri\u0161kuli i\u00a0tre\u0161eti. U dru\u017eenju i sportskom nadmetanju su u\u010destvovali i opatijski gradona\u010delnik Ivo Dujmi\u0107 kao i \u017eupan Zlatko Komadina.<\/p>\n<figure style=\"width: 476px\" class=\"wp-caption aligncenter\"><img loading=\"lazy\" decoding=\"async\" src=\"https:\/\/farm6.staticflickr.com\/5114\/14121495627_348bb0fd80_z_d.jpg\" alt=\"\" width=\"476\" height=\"287\" \/><figcaption class=\"wp-caption-text\">Zlatko Komadina, \u017eupan PG\u017d i Ivo Dujmi\u0107, gradona\u010delnik Opatije u nemilosrdnom okr\u0161aju u tre\u0161eti na Sportskim susretima antifa\u0161ista i branitelja.<\/figcaption><\/figure>\n<p>&nbsp;<\/p>\n<p>&nbsp;<\/p>\n<h2>2013: NAGRADA GRADA OPATIJE ZA KULTURU<\/h2>\n<p>Grad Opatija prepoznao je vrijednost vi\u0161egodi\u0161nje aktivnosti opatijskih antifa\u0161ista i prigodom proslave Dana Grada uru\u010dio UABA-i Grada Opatije najvi\u0161e (\u201e\u017eivotno\u201c) priznanje za pravne osobe &#8211; Nagradu Grada Opatije. Nagrada je data za zavidna dostignu\u0107a na polju kulture i dru\u0161tvenih zasada. Mo\u017eemo pro\u010ditati iz obrazlo\u017eenja Opatijskog Gradskog Vije\u0107a za donijetu odluku o nagra\u0111ivanju:<\/p>\n<p>&#8220;Udruga antifa\u0161isti\u010dkih boraca i antifa\u0161ista (UABA) Grada Opatije i Liburnije cijelo je desetlje\u0107e stjegono\u0161a pozitivnih naboja u opatijskoj dru\u0161tvenoj zajednici. Udrugi se dodjeljuje najvi\u0161e javno priznanje \u0161to ga pravna osoba mo\u017ee u Opatiji dobiti &#8211; Nagrada Grada Opatije. I to za iznimna postignu\u0107a i doprinos od osobitog zna\u010denja u domeni kulture i dru\u0161tvene djelatnosti.<br \/>\nU nastojanju promicanja pozitivnih eti\u010dkih i moralnih vrijednosti UABA stoji na stajali\u0161tu da antifa\u0161izam nije dogma, ve\u0107 na\u010din pozitivnog razmi\u0161ljanja.<br \/>\nS druge strane ako je fa\u0161izam sinonim za zlo, onda je anti-fa\u0161izam borba protiv zla, dakle svakog zla. Prete\u017eita djelatnost Udruge svodi se na probiranju povijesti, te na tako ste\u010denim iskustvima u\u010dvr\u0161\u0107uje podlogu borbe protiv svih dru\u0161tvenih zala, prvenstveno nasilja i devalvacije eti\u010dkih i moralnih vrednota.<br \/>\nOsobitu vrijednost takve djelatnosti, davatelj Nagrade nalazi u tome \u0161to je cjelokupna ta aktivnost usmjerena prvenstveno prema i u korist mladih. U tu je svrhu UABA osmislila niz projekata, od kojih su neki ve\u0107 postali tradicionalni i pozitivnim primjerom izvan lokalnih granica. To su, u prvom redu, izlo\u017eba Crna no\u0107 je \u0161api\u0107ala&#8230; i Dani antifa\u0161izma u Opatiji kojima redovno nazo\u010di i predsjednik Republike Hrvatske. Tu su jo\u0161 Memento, Spomen park Jama I\u010di\u0107i, ciljani obrazovni obilasci spomenika Drugog svjetskog rata, kao i u\u010de\u0161\u0107e u me\u0111unarodnom projektu Vlak sje\u0107anja (na Auschwitz).<br \/>\nOpatijska Udruga antifa\u0161ista, naravno, pored svog dru\u0161tvenog i kulturnog programa ima i svoj socijalni, zdravstveni i \u0161portski program.<\/p>\n<p style=\"text-align: center;\"><!-- Awesome Flickr Gallery Start --><!-- - Version - 3.5.6 - User ID - 101598051@N08 - Photoset ID - 72157646017654357 - Gallery ID -  - Group ID -  - Tags -  - Popular -  - Per Page - 10 - Sort Order - flickr - Photo Size - _m - Custom Size - 0 - Square - false - Captions - off - Description - off - Columns - 2 - Credit Note - off - Background Color - Transparent - Width - auto - Pagination - on - Slideshow - colorbox - Disable slideshow? - --><div class='afg-gallery custom-gallery-9' id='afg-9' style='background-color:Transparent; width:100%; color:; border-color:Transparent;'><div class='afg-table' style='width:100%'><div class='afg-row'><div class='afg-cell' style='width:50%;'><a class='afgcolorbox' rel='example49'  href='https:\/\/farm4.staticflickr.com\/3904\/14722463928_90901bcebd_b.jpg' title='001   Antifa\u0161isti'><img class='afg-img' title='001   Antifa\u0161isti' src='https:\/\/farm4.static.flickr.com\/3904\/14722463928_90901bcebd_m.jpg' alt='001   Antifa\u0161isti \u2022 &lt;a style=&quot;font-size:0.8em;&quot; href=&quot;http:\/\/www.flickr.com\/photos\/101598051@N08\/14722463928\/&quot; target=&quot;_blank&quot;&gt;View on Flickr&lt;\/a&gt;'\/><\/a><\/div><div class='afg-cell' style='width:50%;'><a class='afgcolorbox' rel='example49'  href='https:\/\/farm4.staticflickr.com\/3863\/14722516977_5a32c13455_b.jpg' title='002   Antifa\u0161isti'><img class='afg-img' title='002   Antifa\u0161isti' src='https:\/\/farm4.static.flickr.com\/3863\/14722516977_5a32c13455_m.jpg' alt='002   Antifa\u0161isti \u2022 &lt;a style=&quot;font-size:0.8em;&quot; href=&quot;http:\/\/www.flickr.com\/photos\/101598051@N08\/14722516977\/&quot; target=&quot;_blank&quot;&gt;View on Flickr&lt;\/a&gt;'\/><\/a><\/div><\/div><div class='afg-row'><div class='afg-cell' style='width:50%;'><a class='afgcolorbox' rel='example49'  href='https:\/\/farm4.staticflickr.com\/3835\/14722517387_9d9765290c_b.jpg' title='003   Antifa\u0161isti'><img class='afg-img' title='003   Antifa\u0161isti' src='https:\/\/farm4.static.flickr.com\/3835\/14722517387_9d9765290c_m.jpg' alt='003   Antifa\u0161isti \u2022 &lt;a style=&quot;font-size:0.8em;&quot; href=&quot;http:\/\/www.flickr.com\/photos\/101598051@N08\/14722517387\/&quot; target=&quot;_blank&quot;&gt;View on Flickr&lt;\/a&gt;'\/><\/a><\/div><div class='afg-cell' style='width:50%;'><a class='afgcolorbox' rel='example49'  href='https:\/\/farm6.staticflickr.com\/5587\/14722518287_d5fcd1c0c4_b.jpg' title='004   Antifa\u0161isti'><img class='afg-img' title='004   Antifa\u0161isti' src='https:\/\/farm6.static.flickr.com\/5587\/14722518287_d5fcd1c0c4_m.jpg' alt='004   Antifa\u0161isti \u2022 &lt;a style=&quot;font-size:0.8em;&quot; href=&quot;http:\/\/www.flickr.com\/photos\/101598051@N08\/14722518287\/&quot; target=&quot;_blank&quot;&gt;View on Flickr&lt;\/a&gt;'\/><\/a><\/div><\/div><div class='afg-row'><div class='afg-cell' style='width:50%;'><a class='afgcolorbox' rel='example49'  href='https:\/\/farm4.staticflickr.com\/3848\/14908724572_0fff278026_b.jpg' title='005   Antifa\u0161isti'><img class='afg-img' title='005   Antifa\u0161isti' src='https:\/\/farm4.static.flickr.com\/3848\/14908724572_0fff278026_m.jpg' alt='005   Antifa\u0161isti \u2022 &lt;a style=&quot;font-size:0.8em;&quot; href=&quot;http:\/\/www.flickr.com\/photos\/101598051@N08\/14908724572\/&quot; target=&quot;_blank&quot;&gt;View on Flickr&lt;\/a&gt;'\/><\/a><\/div><\/div><\/div><\/div><!-- Awesome Flickr Gallery End --><\/p>\n<h2>PRIMLJENA NAJMLA\u0110A \u010cLANICA UDRUGE<\/h2>\n<figure style=\"width: 240px\" class=\"wp-caption alignleft\"><img loading=\"lazy\" decoding=\"async\" src=\"https:\/\/farm4.staticflickr.com\/3758\/14121567637_a3a74e2dc6_m_d.jpg\" alt=\"\" width=\"240\" height=\"180\" \/><figcaption class=\"wp-caption-text\">Sve\u010dana predaja zahvalnice<\/figcaption><\/figure>\n<p>Na \u00a0Godi\u0161njoj skup\u0161tini na\u0161e Udruge, 08. o\u017eujka 2014, posebnu pa\u017enju \u00a0prisutnih zaokupilo je uru\u010denje \u010dlanske iskaznice najmla\u0111oj \u010dlanici Udruge \u2013 13 godi\u0161njoj majoretkinji Sari\u00a0 Ga\u0161pari\u0107.<\/p>\n<p>A kada joj je, na njenu molbu predana i <em>Zahvalnica<\/em> Udruge njenom nonotu Antonu Ga\u0161pari\u0107u, dugogodi\u0161njem uva\u017eenom \u010dlanu opatijske UABA-e,\u00a0 <em>Zahvalnica <\/em>koja nikada nije uru\u010dena\u00a0 zbog iznenadne njegove smrti, u dvorani\u00a0 je\u00a0 puno\u00a0 o\u010diju\u00a0 pustilo suzu.<\/p>\n<p><img loading=\"lazy\" decoding=\"async\" class=\"aligncenter\" src=\"https:\/\/farm4.staticflickr.com\/3690\/14121441068_7ae3a6027b_z_d.jpg\" alt=\"\" width=\"640\" height=\"536\" \/><\/p>\n","protected":false},"excerpt":{"rendered":"<p>U Hrvatskoj je 1948. osnovan Savez udru\u017eenja boraca Narodno-oslobodila\u010dkog rata Hrvatske (SUBNOR H) u sastavu SUBNOR-a Jugoslavije. SUBNOR Republike Hrvatske je po\u010detkom 1991., a prije formalnog raspada Jugoslavenske dr\u017eave, napustio \u010dlanstvo u SUBNOR-u Jugoslavije i nastavio samostalnu djelatnost kao Savez antifa\u0161isti\u010dkih boraca Hrvatske. Od 1993. godine Savez antifa\u0161isti\u010dkih boraca Hrvatske punopravni je \u010dlan Svjetske federacije &hellip; <\/p>\n<p class=\"link-more\"><a href=\"http:\/\/www.uaba-opatija.hr\/index.php\/povijest\/\" class=\"more-link\">Nastavi \u010ditati<span class=\"screen-reader-text\"> &#8220;Povijest&#8221;<\/span><\/a><\/p>\n","protected":false},"author":1,"featured_media":0,"parent":0,"menu_order":0,"comment_status":"closed","ping_status":"open","template":"","meta":{"_monsterinsights_skip_tracking":false,"_monsterinsights_sitenote_active":false,"_monsterinsights_sitenote_note":"","_monsterinsights_sitenote_category":0,"footnotes":""},"class_list":["post-15","page","type-page","status-publish","hentry"],"_links":{"self":[{"href":"http:\/\/www.uaba-opatija.hr\/index.php\/wp-json\/wp\/v2\/pages\/15","targetHints":{"allow":["GET"]}}],"collection":[{"href":"http:\/\/www.uaba-opatija.hr\/index.php\/wp-json\/wp\/v2\/pages"}],"about":[{"href":"http:\/\/www.uaba-opatija.hr\/index.php\/wp-json\/wp\/v2\/types\/page"}],"author":[{"embeddable":true,"href":"http:\/\/www.uaba-opatija.hr\/index.php\/wp-json\/wp\/v2\/users\/1"}],"replies":[{"embeddable":true,"href":"http:\/\/www.uaba-opatija.hr\/index.php\/wp-json\/wp\/v2\/comments?post=15"}],"version-history":[{"count":8,"href":"http:\/\/www.uaba-opatija.hr\/index.php\/wp-json\/wp\/v2\/pages\/15\/revisions"}],"predecessor-version":[{"id":444,"href":"http:\/\/www.uaba-opatija.hr\/index.php\/wp-json\/wp\/v2\/pages\/15\/revisions\/444"}],"wp:attachment":[{"href":"http:\/\/www.uaba-opatija.hr\/index.php\/wp-json\/wp\/v2\/media?parent=15"}],"curies":[{"name":"wp","href":"https:\/\/api.w.org\/{rel}","templated":true}]}}