{"id":211,"date":"2014-10-23T20:23:27","date_gmt":"2014-10-23T19:23:27","guid":{"rendered":"http:\/\/www.uaba-opatija.hr\/?page_id=211"},"modified":"2014-10-23T20:30:50","modified_gmt":"2014-10-23T19:30:50","slug":"opatijska-deklaracija-o-vrijednostima-u-suvremenom-drustvu","status":"publish","type":"page","link":"http:\/\/www.uaba-opatija.hr\/index.php\/opatijska-deklaracija-o-vrijednostima-u-suvremenom-drustvu\/","title":{"rendered":"Opatijska deklaracija o vrijednostima u suvremenom dru\u0161tvu"},"content":{"rendered":"<figure style=\"width: 332px\" class=\"wp-caption alignleft\"><img loading=\"lazy\" decoding=\"async\" class=\"\" src=\"https:\/\/farm4.staticflickr.com\/3945\/15582595146_0fb7ac7093_d.jpg\" alt=\"\" width=\"332\" height=\"500\" \/><figcaption class=\"wp-caption-text\">Opatijska deklaracija<\/figcaption><\/figure>\n<p>Tijekom Drugih dana antifa\u0161izma u Opatiji 2011g. radionica mladih je radila pod naslovom \u201eAntifa\u0161izam u suvremenoj demokraciji\u201c. Nakon cjelodnevnog stvarala\u010dkog rada kojeg su koordinirali Igor Bajok i Danko \u017ditini\u0107 iznjedrena je Opatijska deklaracija o vrijednostima u suvremenom dru\u0161tvu.<\/p>\n<p>Deklaracija je eklatantan prikaz raspolo\u017eenja mladih prema karcinomu i kalju\u017ei koji u dana\u0161njoj Hrvatskoj vladaju na podru\u010dju etike i morala. Dokumenat su u poznim satima tog \u010detvrtka 3.3.2011 u Vili Antoniji potpisali mnogobrojni istomi\u0161ljenici: od izaslanika predsjednika RH i Opatijskog Gradona\u010delnika pa do zadnjeg opatijskog \u0111aka <em>(vidi fotogaleriju).<\/em><\/p>\n<p>Deklaracija je\u00a0 ubrzo prezentirana na brojnim tribinama i izvan granica na\u0161e \u017eupanije. Prevedena je i na talijanski i engleski, pa je predstavljena i izvan Hrvatske do\u017eivljavaju\u0107i svagdje brojne pohvale.<\/p>\n<p>Cjelovit\u00a0tekst Deklaracije mo\u017eete pogledati na <a title=\"Deklaracija\" href=\"http:\/\/www.uaba-opatija.hr\/dokumenti\/deklaracija.pdf\" target=\"_blank\">ovom linku<\/a>.<\/p>\n<p style=\"text-align: center;\"><span class=\"Apple-style-span\"><!-- Awesome Flickr Gallery Start --><!-- - Version - 3.5.6 - User ID - 101598051@N08 - Photoset ID - 72157648509196169 - Gallery ID -  - Group ID -  - Tags -  - Popular -  - Per Page - 10 - Sort Order - flickr - Photo Size - _m - Custom Size - 0 - Square - false - Captions - off - Description - off - Columns - 3 - Credit Note - off - Background Color - Transparent - Width - auto - Pagination - on - Slideshow - colorbox - Disable slideshow? - --><div class='afg-gallery custom-gallery-17' id='afg-17' style='background-color:Transparent; width:100%; color:; border-color:Transparent;'><div class='afg-table' style='width:100%'><div class='afg-row'><div class='afg-cell' style='width:33%;'><a class='afgcolorbox' rel='example417'  href='https:\/\/farm4.staticflickr.com\/3943\/14985537124_3267d1466d_b.jpg' title='UABA Deklaracija'><img class='afg-img' title='UABA Deklaracija' src='https:\/\/farm4.static.flickr.com\/3943\/14985537124_3267d1466d_m.jpg' alt='UABA Deklaracija \u2022 &lt;a style=&quot;font-size:0.8em;&quot; href=&quot;http:\/\/www.flickr.com\/photos\/101598051@N08\/14985537124\/&quot; target=&quot;_blank&quot;&gt;View on Flickr&lt;\/a&gt;'\/><\/a><\/div><div class='afg-cell' style='width:33%;'><a class='afgcolorbox' rel='example417'  href='https:\/\/farm4.staticflickr.com\/3938\/15603609401_f81a9ea971_b.jpg' title='UABA Deklaracija'><img class='afg-img' title='UABA Deklaracija' src='https:\/\/farm4.static.flickr.com\/3938\/15603609401_f81a9ea971_m.jpg' alt='UABA Deklaracija \u2022 &lt;a style=&quot;font-size:0.8em;&quot; href=&quot;http:\/\/www.flickr.com\/photos\/101598051@N08\/15603609401\/&quot; target=&quot;_blank&quot;&gt;View on Flickr&lt;\/a&gt;'\/><\/a><\/div><div class='afg-cell' style='width:33%;'><a class='afgcolorbox' rel='example417'  href='https:\/\/farm4.staticflickr.com\/3948\/15582595796_8fae82e901_b.jpg' title='UABA Deklaracija'><img class='afg-img' title='UABA Deklaracija' src='https:\/\/farm4.static.flickr.com\/3948\/15582595796_8fae82e901_m.jpg' alt='UABA Deklaracija \u2022 &lt;a style=&quot;font-size:0.8em;&quot; href=&quot;http:\/\/www.flickr.com\/photos\/101598051@N08\/15582595796\/&quot; target=&quot;_blank&quot;&gt;View on Flickr&lt;\/a&gt;'\/><\/a><\/div><\/div><div class='afg-row'><div class='afg-cell' style='width:33%;'><a class='afgcolorbox' rel='example417'  href='https:\/\/farm6.staticflickr.com\/5602\/15607105442_d39a0fa533_b.jpg' title='UABA Deklaracija'><img class='afg-img' title='UABA Deklaracija' src='https:\/\/farm6.static.flickr.com\/5602\/15607105442_d39a0fa533_m.jpg' alt='UABA Deklaracija \u2022 &lt;a style=&quot;font-size:0.8em;&quot; href=&quot;http:\/\/www.flickr.com\/photos\/101598051@N08\/15607105442\/&quot; target=&quot;_blank&quot;&gt;View on Flickr&lt;\/a&gt;'\/><\/a><\/div><div class='afg-cell' style='width:33%;'><a class='afgcolorbox' rel='example417'  href='https:\/\/farm4.staticflickr.com\/3952\/15607105302_3bb39002df_b.jpg' title='UABA Deklaracija'><img class='afg-img' title='UABA Deklaracija' src='https:\/\/farm4.static.flickr.com\/3952\/15607105302_3bb39002df_m.jpg' alt='UABA Deklaracija \u2022 &lt;a style=&quot;font-size:0.8em;&quot; href=&quot;http:\/\/www.flickr.com\/photos\/101598051@N08\/15607105302\/&quot; target=&quot;_blank&quot;&gt;View on Flickr&lt;\/a&gt;'\/><\/a><\/div><div class='afg-cell' style='width:33%;'><a class='afgcolorbox' rel='example417'  href='https:\/\/farm4.staticflickr.com\/3945\/15582595146_0fb7ac7093_b.jpg' title='UABA Deklaracija'><img class='afg-img' title='UABA Deklaracija' src='https:\/\/farm4.static.flickr.com\/3945\/15582595146_0fb7ac7093_m.jpg' alt='UABA Deklaracija \u2022 &lt;a style=&quot;font-size:0.8em;&quot; href=&quot;http:\/\/www.flickr.com\/photos\/101598051@N08\/15582595146\/&quot; target=&quot;_blank&quot;&gt;View on Flickr&lt;\/a&gt;'\/><\/a><\/div><\/div><div class='afg-row'><div class='afg-cell' style='width:33%;'><a class='afgcolorbox' rel='example417'  href='https:\/\/farm4.staticflickr.com\/3947\/15603607761_7d8ce7bb1b_b.jpg' title='UABA Deklaracija'><img class='afg-img' title='UABA Deklaracija' src='https:\/\/farm4.static.flickr.com\/3947\/15603607761_7d8ce7bb1b_m.jpg' alt='UABA Deklaracija \u2022 &lt;a style=&quot;font-size:0.8em;&quot; href=&quot;http:\/\/www.flickr.com\/photos\/101598051@N08\/15603607761\/&quot; target=&quot;_blank&quot;&gt;View on Flickr&lt;\/a&gt;'\/><\/a><\/div><\/div><\/div><\/div><!-- Awesome Flickr Gallery End --><\/span><\/p>\n","protected":false},"excerpt":{"rendered":"<p>Tijekom Drugih dana antifa\u0161izma u Opatiji 2011g. radionica mladih je radila pod naslovom \u201eAntifa\u0161izam u suvremenoj demokraciji\u201c. Nakon cjelodnevnog stvarala\u010dkog rada kojeg su koordinirali Igor Bajok i Danko \u017ditini\u0107 iznjedrena je Opatijska deklaracija o vrijednostima u suvremenom dru\u0161tvu. Deklaracija je eklatantan prikaz raspolo\u017eenja mladih prema karcinomu i kalju\u017ei koji u dana\u0161njoj Hrvatskoj vladaju na podru\u010dju &hellip; <\/p>\n<p class=\"link-more\"><a href=\"http:\/\/www.uaba-opatija.hr\/index.php\/opatijska-deklaracija-o-vrijednostima-u-suvremenom-drustvu\/\" class=\"more-link\">Nastavi \u010ditati<span class=\"screen-reader-text\"> &#8220;Opatijska deklaracija o vrijednostima u suvremenom dru\u0161tvu&#8221;<\/span><\/a><\/p>\n","protected":false},"author":1,"featured_media":0,"parent":0,"menu_order":0,"comment_status":"closed","ping_status":"open","template":"","meta":{"_monsterinsights_skip_tracking":false,"_monsterinsights_sitenote_active":false,"_monsterinsights_sitenote_note":"","_monsterinsights_sitenote_category":0,"footnotes":""},"class_list":["post-211","page","type-page","status-publish","hentry"],"_links":{"self":[{"href":"http:\/\/www.uaba-opatija.hr\/index.php\/wp-json\/wp\/v2\/pages\/211","targetHints":{"allow":["GET"]}}],"collection":[{"href":"http:\/\/www.uaba-opatija.hr\/index.php\/wp-json\/wp\/v2\/pages"}],"about":[{"href":"http:\/\/www.uaba-opatija.hr\/index.php\/wp-json\/wp\/v2\/types\/page"}],"author":[{"embeddable":true,"href":"http:\/\/www.uaba-opatija.hr\/index.php\/wp-json\/wp\/v2\/users\/1"}],"replies":[{"embeddable":true,"href":"http:\/\/www.uaba-opatija.hr\/index.php\/wp-json\/wp\/v2\/comments?post=211"}],"version-history":[{"count":3,"href":"http:\/\/www.uaba-opatija.hr\/index.php\/wp-json\/wp\/v2\/pages\/211\/revisions"}],"predecessor-version":[{"id":219,"href":"http:\/\/www.uaba-opatija.hr\/index.php\/wp-json\/wp\/v2\/pages\/211\/revisions\/219"}],"wp:attachment":[{"href":"http:\/\/www.uaba-opatija.hr\/index.php\/wp-json\/wp\/v2\/media?parent=211"}],"curies":[{"name":"wp","href":"https:\/\/api.w.org\/{rel}","templated":true}]}}