{"id":58,"date":"2014-03-08T11:49:23","date_gmt":"2014-03-08T10:49:23","guid":{"rendered":"http:\/\/www.uaba-opatija.hr\/?page_id=58"},"modified":"2014-05-30T22:08:21","modified_gmt":"2014-05-30T21:08:21","slug":"documenta-i-ostali","status":"publish","type":"page","link":"http:\/\/www.uaba-opatija.hr\/index.php\/documenta-i-ostali\/","title":{"rendered":"Documenta i ostali"},"content":{"rendered":"<h2>Predstavljeni rezultati istra\u017eivanja opatijskih, zagreba\u010dkih i osje\u010dkih gimnazijalaca @ Zagreb<br \/>\n11\/12\/2013<\/h2>\n<p style=\"text-align: left;\">Dvadeset u\u010denika iz svake \u0161kole, podijeljenih u timove od po \u010detiri \u010dlana, istra\u017eivalo je pet tema, a opatijski su gimnazijaci odabrali spomenike Jama I\u010di\u0107i, \u017ertvama fa\u0161izma u Lovranu, iskrcavanju u Mo\u0161\u0107eni\u010dkoj Dragi, \u017didovima na opatijskom groblju, te op\u0107enitu temu o opatijskim \u017didovima.<br \/>\nZagreb\/Opatija \u2013 Dom HDLU ugostio je izlo\u017ebu Moj zavi\u010daj kroz vrijeme, vrhunac tromjese\u010dnog projekta \u010diji je nositelj Documenta iz ZG, a u\u010desnici su GEK, jedna osje\u010dka i jedna zagreba\u010dka gimnazija te tri udruge civilnog dru\u0161tva me\u0111u kojima je i UABA Opatija. Projekt nazvan \u201cMoj zavi\u010daj kroz vrijeme\u201d fokusirao se na istra\u017eivanje pro\u0161losti ova tri grada u Drugom svjetskom ratu, kroz analiziranje spomenika posve\u0107enih ovom razdoblju, a financiran je sredstvima fondova Europske unije.<\/p>\n<figure style=\"width: 364px\" class=\"wp-caption aligncenter\"><img loading=\"lazy\" decoding=\"async\" src=\"https:\/\/farm4.staticflickr.com\/3741\/14121302490_2fd7c5415e_z_d.jpg\" alt=\"\" width=\"364\" height=\"273\" \/><figcaption class=\"wp-caption-text\">Oleg Mandi\u0107 sa srednjo\u0161kolcima &#8211; rad na projektu<\/figcaption><\/figure>\n<p style=\"text-align: left;\">Dvadeset u\u010denika iz svake \u0161kole, podijeljenih u timove od po \u010detiri \u010dlana, istra\u017eivalo je pet tema, a opatijski su gimnazijalci odabrali spomenike Jama I\u010di\u0107i, \u017ertvama fa\u0161izma u Lovranu, iskrcavanju u Mo\u0161\u0107eni\u010dkoj Dragi, \u017didovima na opatijskom groblju, te op\u0107enitu temu o opatijskim \u017didovima.<br \/>\nNakon istra\u017eivanja, pro\u0161log su mjeseca rezultati predstavljeni u svakoj \u0161koli na zasebnim izlo\u017ebama, a proteklog vikenda objedinjeni su na velikoj izlo\u017ebi na zagreba\u010dkom Trgu \u017ertava fa\u0161izma, uz radno dru\u017eenje svih \u0161ezdeset \u0111aka koji su sudjelovali u projektu, te njihovih mentora.<br \/>\nMe\u0111utim, osjetljiva tema izazvala je i interes desni\u010darskih medija koji su o njoj pisali u negativnom kontekstu, stoga je skup \u2013 vrlo diskretno \u2013 dobio i policijski osiguranje.<br \/>\n&#8211; \u017dalosno je da u 21. stolje\u0107u ne mo\u017eemo otvoreno progovoriti o svojoj pro\u0161losti, ve\u0107 da ovakva pozitivna doga\u0111anja, koja financira i Europska unija, nailaze na neugodne komentare, kazao je Oleg Mandi\u0107, predsjednik opatijske UABA-e koji je sudjelovao na skupu.<\/p>\n<p style=\"text-align: center;\"><span style=\"color: #444444;\"><!-- Awesome Flickr Gallery Start --><!-- - Version - 3.5.6 - User ID - 101598051@N08 - Photoset ID - 72157644972274463 - Gallery ID -  - Group ID -  - Tags -  - Popular -  - Per Page - 10 - Sort Order - flickr - Photo Size - _m - Custom Size - 0 - Square - false - Captions - off - Description - off - Columns - 2 - Credit Note - off - Background Color - Transparent - Width - auto - Pagination - on - Slideshow - colorbox - Disable slideshow? - --><div class='afg-gallery custom-gallery-5' id='afg-5' style='background-color:Transparent; width:100%; color:; border-color:Transparent;'><div class='afg-table' style='width:100%'><div class='afg-row'><div class='afg-cell' style='width:50%;'><a class='afgcolorbox' rel='example45'  href='https:\/\/farm3.staticflickr.com\/2905\/14121270528_4f1064533b_b.jpg' title='PC070011'><img class='afg-img' title='PC070011' src='https:\/\/farm3.static.flickr.com\/2905\/14121270528_4f1064533b_m.jpg' alt='PC070011 \u2022 &lt;a style=&quot;font-size:0.8em;&quot; href=&quot;http:\/\/www.flickr.com\/photos\/101598051@N08\/14121270528\/&quot; target=&quot;_blank&quot;&gt;View on Flickr&lt;\/a&gt;'\/><\/a><\/div><div class='afg-cell' style='width:50%;'><a class='afgcolorbox' rel='example45'  href='https:\/\/farm6.staticflickr.com\/5313\/14121270998_62c8fa11a4_b.jpg' title='PC070027'><img class='afg-img' title='PC070027' src='https:\/\/farm6.static.flickr.com\/5313\/14121270998_62c8fa11a4_m.jpg' alt='PC070027 \u2022 &lt;a style=&quot;font-size:0.8em;&quot; href=&quot;http:\/\/www.flickr.com\/photos\/101598051@N08\/14121270998\/&quot; target=&quot;_blank&quot;&gt;View on Flickr&lt;\/a&gt;'\/><\/a><\/div><\/div><div class='afg-row'><div class='afg-cell' style='width:50%;'><a class='afgcolorbox' rel='example45'  href='https:\/\/farm3.staticflickr.com\/2938\/14284783896_40ab708ba6_b.jpg' title='PC070029'><img class='afg-img' title='PC070029' src='https:\/\/farm3.static.flickr.com\/2938\/14284783896_40ab708ba6_m.jpg' alt='PC070029 \u2022 &lt;a style=&quot;font-size:0.8em;&quot; href=&quot;http:\/\/www.flickr.com\/photos\/101598051@N08\/14284783896\/&quot; target=&quot;_blank&quot;&gt;View on Flickr&lt;\/a&gt;'\/><\/a><\/div><div class='afg-cell' style='width:50%;'><a class='afgcolorbox' rel='example45'  href='https:\/\/farm4.staticflickr.com\/3684\/14121258339_1d74a276a3_b.jpg' title='PC070036'><img class='afg-img' title='PC070036' src='https:\/\/farm4.static.flickr.com\/3684\/14121258339_1d74a276a3_m.jpg' alt='PC070036 \u2022 &lt;a style=&quot;font-size:0.8em;&quot; href=&quot;http:\/\/www.flickr.com\/photos\/101598051@N08\/14121258339\/&quot; target=&quot;_blank&quot;&gt;View on Flickr&lt;\/a&gt;'\/><\/a><\/div><\/div><div class='afg-row'><div class='afg-cell' style='width:50%;'><a class='afgcolorbox' rel='example45'  href='https:\/\/farm4.staticflickr.com\/3791\/14121399967_cd68ab4668_b.jpg' title='PC070041'><img class='afg-img' title='PC070041' src='https:\/\/farm4.static.flickr.com\/3791\/14121399967_cd68ab4668_m.jpg' alt='PC070041 \u2022 &lt;a style=&quot;font-size:0.8em;&quot; href=&quot;http:\/\/www.flickr.com\/photos\/101598051@N08\/14121399967\/&quot; target=&quot;_blank&quot;&gt;View on Flickr&lt;\/a&gt;'\/><\/a><\/div><div class='afg-cell' style='width:50%;'><a class='afgcolorbox' rel='example45'  href='https:\/\/farm6.staticflickr.com\/5595\/14284784916_0cd6d6af19_b.jpg' title='PC070043'><img class='afg-img' title='PC070043' src='https:\/\/farm6.static.flickr.com\/5595\/14284784916_0cd6d6af19_m.jpg' alt='PC070043 \u2022 &lt;a style=&quot;font-size:0.8em;&quot; href=&quot;http:\/\/www.flickr.com\/photos\/101598051@N08\/14284784916\/&quot; target=&quot;_blank&quot;&gt;View on Flickr&lt;\/a&gt;'\/><\/a><\/div><\/div><div class='afg-row'><div class='afg-cell' style='width:50%;'><a class='afgcolorbox' rel='example45'  href='https:\/\/farm4.staticflickr.com\/3741\/14121302490_2fd7c5415e_b.jpg' title='PC070045'><img class='afg-img' title='PC070045' src='https:\/\/farm4.static.flickr.com\/3741\/14121302490_2fd7c5415e_m.jpg' alt='PC070045 \u2022 &lt;a style=&quot;font-size:0.8em;&quot; href=&quot;http:\/\/www.flickr.com\/photos\/101598051@N08\/14121302490\/&quot; target=&quot;_blank&quot;&gt;View on Flickr&lt;\/a&gt;'\/><\/a><\/div><div class='afg-cell' style='width:50%;'><a class='afgcolorbox' rel='example45'  href='https:\/\/farm4.staticflickr.com\/3802\/14121400967_7e96cf4b22_b.jpg' title='PC070054'><img class='afg-img' title='PC070054' src='https:\/\/farm4.static.flickr.com\/3802\/14121400967_7e96cf4b22_m.jpg' alt='PC070054 \u2022 &lt;a style=&quot;font-size:0.8em;&quot; href=&quot;http:\/\/www.flickr.com\/photos\/101598051@N08\/14121400967\/&quot; target=&quot;_blank&quot;&gt;View on Flickr&lt;\/a&gt;'\/><\/a><\/div><\/div><\/div><\/div><!-- Awesome Flickr Gallery End --><\/span><\/p>\n<p>Davor \u017dic \/ PodU\u010dkun.net<\/p>\n<p>&nbsp;<\/p>\n<h2>UABA i srednjo\u0161kolci putevima Frankopana i boraca NOB-a @ Opatija<\/h2>\n<p>Ersilija Kopani koja je ispred UABA predvodila akciju, nakon povratka se oglasila u superlativima o zainteresiranosti i uspje\u0161ne uklju\u010denosti \u0161to su je iskazali u\u010denici prilikom cijelodnevne izobrazbene zanimacije.<br \/>\nOpatija \u2013 Suradnja opatijskih srednjih \u0161kola i UABA Opatije nastavlja se, a sve prema ustaljenom dogovoru s po\u010detka \u0161kolske godine.<\/p>\n<figure style=\"width: 240px\" class=\"wp-caption alignleft\"><img loading=\"lazy\" decoding=\"async\" src=\"https:\/\/farm4.staticflickr.com\/3712\/14284814866_3fbb65e8cf_m_d.jpg\" alt=\"\" width=\"240\" height=\"180\" \/><figcaption class=\"wp-caption-text\">Kratki odmor i predavanje<\/figcaption><\/figure>\n<p>Prema planu za ovu \u0161kolsku godinu u prosincu je organiziran je bio izlet \u201dPutevima Frankopana i boraca NOB-a\u201d. Grupa od 33 u\u010denika svih opatijskih srednjih \u0161kola u pratnji i \u0161est nastavnika obi\u0161la je sva zna\u010dajna mjesta povezana s ovom temom \u2013 Drivenik, Gri\u017eane, Bribir, Novi Vinodol i Crikvenicu.<br \/>\nUz pratnju turisti\u010dkih vodi\u010da i predstavnika lokalnih udruga antifa\u0161ista, u\u010denici su na terenu neposredno prisustvovali satu povijesti i saznali mnoge va\u017ene i zanimljive podatke o politi\u010dko-gospodarskom \u017eivotu \u017eitelja Vinodolske doline, kao i o njihovom u\u010de\u0161\u0107u u borbi za oslobo\u0111enje od\u00a0fa\u0161isti\u010dkog osvajanja i terora za vrijeme Drugog svjetskog rata.<\/p>\n<figure style=\"width: 495px\" class=\"wp-caption aligncenter\"><img loading=\"lazy\" decoding=\"async\" src=\"https:\/\/farm6.staticflickr.com\/5545\/14328143103_ceff2911a3_z_d.jpg\" alt=\"\" width=\"495\" height=\"371\" \/><figcaption class=\"wp-caption-text\">Zajedni\u010dka slika u\u010denika i profesora srednjih \u0161kola Opatije prilikom posjeta Vinodolskom kraju(Bribir) 06.12.2013. u organizaciji UAB-a Opatije<\/figcaption><\/figure>\n<p>Ersilija Kopani koja je ispred UABA predvodila akciju, nakon povratka se oglasila u superlativima o zainteresiranosti i uspje\u0161ne uklju\u010denosti \u0161to su je iskazali u\u010denici prilikom cijelodnevne izobrazbene zanimacije.<\/p>\n","protected":false},"excerpt":{"rendered":"<p>Predstavljeni rezultati istra\u017eivanja opatijskih, zagreba\u010dkih i osje\u010dkih gimnazijalaca @ Zagreb 11\/12\/2013 Dvadeset u\u010denika iz svake \u0161kole, podijeljenih u timove od po \u010detiri \u010dlana, istra\u017eivalo je pet tema, a opatijski su gimnazijaci odabrali spomenike Jama I\u010di\u0107i, \u017ertvama fa\u0161izma u Lovranu, iskrcavanju u Mo\u0161\u0107eni\u010dkoj Dragi, \u017didovima na opatijskom groblju, te op\u0107enitu temu o opatijskim \u017didovima. Zagreb\/Opatija \u2013 &hellip; <\/p>\n<p class=\"link-more\"><a href=\"http:\/\/www.uaba-opatija.hr\/index.php\/documenta-i-ostali\/\" class=\"more-link\">Nastavi \u010ditati<span class=\"screen-reader-text\"> &#8220;Documenta i ostali&#8221;<\/span><\/a><\/p>\n","protected":false},"author":1,"featured_media":0,"parent":0,"menu_order":0,"comment_status":"closed","ping_status":"open","template":"","meta":{"_monsterinsights_skip_tracking":false,"_monsterinsights_sitenote_active":false,"_monsterinsights_sitenote_note":"","_monsterinsights_sitenote_category":0,"footnotes":""},"class_list":["post-58","page","type-page","status-publish","hentry"],"_links":{"self":[{"href":"http:\/\/www.uaba-opatija.hr\/index.php\/wp-json\/wp\/v2\/pages\/58","targetHints":{"allow":["GET"]}}],"collection":[{"href":"http:\/\/www.uaba-opatija.hr\/index.php\/wp-json\/wp\/v2\/pages"}],"about":[{"href":"http:\/\/www.uaba-opatija.hr\/index.php\/wp-json\/wp\/v2\/types\/page"}],"author":[{"embeddable":true,"href":"http:\/\/www.uaba-opatija.hr\/index.php\/wp-json\/wp\/v2\/users\/1"}],"replies":[{"embeddable":true,"href":"http:\/\/www.uaba-opatija.hr\/index.php\/wp-json\/wp\/v2\/comments?post=58"}],"version-history":[{"count":6,"href":"http:\/\/www.uaba-opatija.hr\/index.php\/wp-json\/wp\/v2\/pages\/58\/revisions"}],"predecessor-version":[{"id":140,"href":"http:\/\/www.uaba-opatija.hr\/index.php\/wp-json\/wp\/v2\/pages\/58\/revisions\/140"}],"wp:attachment":[{"href":"http:\/\/www.uaba-opatija.hr\/index.php\/wp-json\/wp\/v2\/media?parent=58"}],"curies":[{"name":"wp","href":"https:\/\/api.w.org\/{rel}","templated":true}]}}