{"id":66,"date":"2014-03-08T11:53:09","date_gmt":"2014-03-08T10:53:09","guid":{"rendered":"http:\/\/www.uaba-opatija.hr\/?page_id=66"},"modified":"2014-08-13T18:47:21","modified_gmt":"2014-08-13T17:47:21","slug":"spomenici-antifasizma-na-liburniji","status":"publish","type":"page","link":"http:\/\/www.uaba-opatija.hr\/index.php\/spomenici-antifasizma-na-liburniji\/","title":{"rendered":"Spomenici antifa\u0161izma na Liburniji"},"content":{"rendered":"<h2>JAMA I\u010cI\u0106I<\/h2>\n<p>Tekla je godina 1945. Bli\u017eio se kraj Drugog svjetskog rata.<\/p>\n<p>Te ve\u010deri, 24. travnja, u rije\u010dkom zatvoru &#8220;Via Roma&#8221; bilo je \u017eivo: i tamo se nazirao dolazak dugo i\u0161\u010dekivanog kraja. \u017damor nabijen nadanjima naglo je prekinut iznenadnim upadom njema\u010dkog glasnika. Izvikana su 37 imena i 37 je uznika izdvojeno i odvedeno u nepoznato.<\/p>\n<p>Iste su no\u0107i ubijeni i ba\u010deni u kra\u0161ku jamu I\u010di\u0107i na periferiji Opatije.<\/p>\n<p>\u010cetiri dana kasnije Opatija je oslobo\u0111ena, a deset dana kasnije zavr\u0161io je Drugi svjetski rat.<\/p>\n<p>Od svih \u017ertava samo ih je 19 identificirano. To su:<\/p>\n<p>Dubrovi\u0107 Mirko, Gr\u017eini\u0107 Janko, Kal\u010di\u0107 Ferdinand, Kova\u010di\u0107 Bo\u017eo, Kinkela Tomo, Kova\u010di\u0107 Ivana Bo\u017eidar, Maganja Ivana \u0160imun, Matkovi\u0107 Cvetan, Matkovi\u0107 Ivan, Osojnak Vinko, Per\u0161i\u0107 Feliks, Po\u010dkaj Franjo, Raki\u0107\u00a0Smiljana, Rukavina Ante, Rundi\u0107 Bartola Stanko, \u0160andaj Emil, \u0160e\u0161i\u0107\u00a0Milan, \u0160imac Mihe Stjepan, \u0160pirin Vasilije.<\/p>\n<p>Svi su oni bili stanovnici \u0161ireg liburnijsko-primorskog kraja. Civili, ve\u0107inom rodoljubi i antifa\u0161isti.<\/p>\n<figure style=\"width: 320px\" class=\"wp-caption alignleft\"><a href=\"http:\/\/www.uaba-opatija.hr\/dokumenti\/jama_prospekt.pdf\"><img loading=\"lazy\" decoding=\"async\" src=\"https:\/\/farm4.staticflickr.com\/3845\/14885618116_24dd61cdba_n.jpg\" alt=\"\" width=\"320\" height=\"320\" \/><\/a><figcaption class=\"wp-caption-text\">Prospekt Jama I\u010di\u0107i<\/figcaption><\/figure>\n<p>Kako bi njihova \u017ertva ostala u spomen budu\u0107im pokoljenjima, sredinom pedesetih godina pro\u0161log stolje\u0107a, Opatija je podignula spomen park &#8211; JAMA I\u010cI\u0106I. Tijekom 2012. pokrenut je projekt ure\u0111enja prostora, te je primjerenim ure\u0111enjem staze i okoli\u0161a biljkama dobio dana\u0161nji izgled.<\/p>\n<p style=\"text-align: center;\">\n<p style=\"text-align: center;\">\n<p style=\"text-align: center;\">\n<p style=\"text-align: center;\">\n<p style=\"text-align: center;\"><span style=\"color: #444444;\"><!-- Awesome Flickr Gallery Start --><!-- - Version - 3.5.6 - User ID - 101598051@N08 - Photoset ID - 72157646424929342 - Gallery ID -  - Group ID -  - Tags -  - Popular -  - Per Page - 10 - Sort Order - flickr - Photo Size - _m - Custom Size - 0 - Square - false - Captions - off - Description - off - Columns - 3 - Credit Note - off - Background Color - Transparent - Width - auto - Pagination - on - Slideshow - colorbox - Disable slideshow? - --><div class='afg-gallery custom-gallery-8' id='afg-8' style='background-color:Transparent; width:100%; color:; border-color:Transparent;'><div class='afg-table' style='width:100%'><div class='afg-row'><div class='afg-cell' style='width:33%;'><a class='afgcolorbox' rel='example48'  href='https:\/\/farm6.staticflickr.com\/5566\/14908606465_494d49ab6f_b.jpg' title='zapisnik 2'><img class='afg-img' title='zapisnik 2' src='https:\/\/farm6.static.flickr.com\/5566\/14908606465_494d49ab6f_m.jpg' alt='zapisnik 2 \u2022 &lt;a style=&quot;font-size:0.8em;&quot; href=&quot;http:\/\/www.flickr.com\/photos\/101598051@N08\/14908606465\/&quot; target=&quot;_blank&quot;&gt;View on Flickr&lt;\/a&gt;'\/><\/a><\/div><div class='afg-cell' style='width:33%;'><a class='afgcolorbox' rel='example48'  href='https:\/\/farm4.staticflickr.com\/3842\/14908607055_8458bcf639_b.jpg' title='zapisnik 1'><img class='afg-img' title='zapisnik 1' src='https:\/\/farm4.static.flickr.com\/3842\/14908607055_8458bcf639_m.jpg' alt='zapisnik 1 \u2022 &lt;a style=&quot;font-size:0.8em;&quot; href=&quot;http:\/\/www.flickr.com\/photos\/101598051@N08\/14908607055\/&quot; target=&quot;_blank&quot;&gt;View on Flickr&lt;\/a&gt;'\/><\/a><\/div><div class='afg-cell' style='width:33%;'><a class='afgcolorbox' rel='example48'  href='https:\/\/farm4.staticflickr.com\/3845\/14885618116_24dd61cdba_b.jpg' title='Prospekt Jama 15x15-1'><img class='afg-img' title='Prospekt Jama 15x15-1' src='https:\/\/farm4.static.flickr.com\/3845\/14885618116_24dd61cdba_m.jpg' alt='Prospekt Jama 15x15-1 \u2022 &lt;a style=&quot;font-size:0.8em;&quot; href=&quot;http:\/\/www.flickr.com\/photos\/101598051@N08\/14885618116\/&quot; target=&quot;_blank&quot;&gt;View on Flickr&lt;\/a&gt;'\/><\/a><\/div><\/div><div class='afg-row'><div class='afg-cell' style='width:33%;'><a class='afgcolorbox' rel='example48'  href='https:\/\/farm4.staticflickr.com\/3890\/14905544201_d1a481ac4a_b.jpg' title='jama 003'><img class='afg-img' title='jama 003' src='https:\/\/farm4.static.flickr.com\/3890\/14905544201_d1a481ac4a_m.jpg' alt='jama 003 \u2022 &lt;a style=&quot;font-size:0.8em;&quot; href=&quot;http:\/\/www.flickr.com\/photos\/101598051@N08\/14905544201\/&quot; target=&quot;_blank&quot;&gt;View on Flickr&lt;\/a&gt;'\/><\/a><\/div><div class='afg-cell' style='width:33%;'><a class='afgcolorbox' rel='example48'  href='https:\/\/farm4.staticflickr.com\/3865\/14721962559_113f8356d3_b.jpg' title='P5130012'><img class='afg-img' title='P5130012' src='https:\/\/farm4.static.flickr.com\/3865\/14721962559_113f8356d3_m.jpg' alt='P5130012 \u2022 &lt;a style=&quot;font-size:0.8em;&quot; href=&quot;http:\/\/www.flickr.com\/photos\/101598051@N08\/14721962559\/&quot; target=&quot;_blank&quot;&gt;View on Flickr&lt;\/a&gt;'\/><\/a><\/div><div class='afg-cell' style='width:33%;'><a class='afgcolorbox' rel='example48'  href='https:\/\/farm4.staticflickr.com\/3904\/14722050617_ea246fece6_b.jpg' title='P5130019'><img class='afg-img' title='P5130019' src='https:\/\/farm4.static.flickr.com\/3904\/14722050617_ea246fece6_m.jpg' alt='P5130019 \u2022 &lt;a style=&quot;font-size:0.8em;&quot; href=&quot;http:\/\/www.flickr.com\/photos\/101598051@N08\/14722050617\/&quot; target=&quot;_blank&quot;&gt;View on Flickr&lt;\/a&gt;'\/><\/a><\/div><\/div><div class='afg-row'><div class='afg-cell' style='width:33%;'><a class='afgcolorbox' rel='example48'  href='https:\/\/farm4.staticflickr.com\/3926\/14885620586_6a10b03f2f_b.jpg' title='P5130021'><img class='afg-img' title='P5130021' src='https:\/\/farm4.static.flickr.com\/3926\/14885620586_6a10b03f2f_m.jpg' alt='P5130021 \u2022 &lt;a style=&quot;font-size:0.8em;&quot; href=&quot;http:\/\/www.flickr.com\/photos\/101598051@N08\/14885620586\/&quot; target=&quot;_blank&quot;&gt;View on Flickr&lt;\/a&gt;'\/><\/a><\/div><div class='afg-cell' style='width:33%;'><a class='afgcolorbox' rel='example48'  href='https:\/\/farm4.staticflickr.com\/3876\/14722051837_d6f6bd5969_b.jpg' title='P5130027'><img class='afg-img' title='P5130027' src='https:\/\/farm4.static.flickr.com\/3876\/14722051837_d6f6bd5969_m.jpg' alt='P5130027 \u2022 &lt;a style=&quot;font-size:0.8em;&quot; href=&quot;http:\/\/www.flickr.com\/photos\/101598051@N08\/14722051837\/&quot; target=&quot;_blank&quot;&gt;View on Flickr&lt;\/a&gt;'\/><\/a><\/div><div class='afg-cell' style='width:33%;'><a class='afgcolorbox' rel='example48'  href='https:\/\/farm6.staticflickr.com\/5586\/14721996238_5db3d3289e_b.jpg' title='P9200014 - kopija'><img class='afg-img' title='P9200014 - kopija' src='https:\/\/farm6.static.flickr.com\/5586\/14721996238_5db3d3289e_m.jpg' alt='P9200014 - kopija \u2022 &lt;a style=&quot;font-size:0.8em;&quot; href=&quot;http:\/\/www.flickr.com\/photos\/101598051@N08\/14721996238\/&quot; target=&quot;_blank&quot;&gt;View on Flickr&lt;\/a&gt;'\/><\/a><\/div><\/div><div class='afg-row'><div class='afg-cell' style='width:33%;'><a class='afgcolorbox' rel='example48'  href='https:\/\/farm4.staticflickr.com\/3873\/14721997158_967d956680_b.jpg' title='IMGP6765 - kopija'><img class='afg-img' title='IMGP6765 - kopija' src='https:\/\/farm4.static.flickr.com\/3873\/14721997158_967d956680_m.jpg' alt='IMGP6765 - kopija \u2022 &lt;a style=&quot;font-size:0.8em;&quot; href=&quot;http:\/\/www.flickr.com\/photos\/101598051@N08\/14721997158\/&quot; target=&quot;_blank&quot;&gt;View on Flickr&lt;\/a&gt;'\/><\/a><\/div><\/div><\/div><\/div><!-- Awesome Flickr Gallery End --><\/span><\/p>\n","protected":false},"excerpt":{"rendered":"<p>JAMA I\u010cI\u0106I Tekla je godina 1945. Bli\u017eio se kraj Drugog svjetskog rata. Te ve\u010deri, 24. travnja, u rije\u010dkom zatvoru &#8220;Via Roma&#8221; bilo je \u017eivo: i tamo se nazirao dolazak dugo i\u0161\u010dekivanog kraja. \u017damor nabijen nadanjima naglo je prekinut iznenadnim upadom njema\u010dkog glasnika. Izvikana su 37 imena i 37 je uznika izdvojeno i odvedeno u nepoznato. &hellip; <\/p>\n<p class=\"link-more\"><a href=\"http:\/\/www.uaba-opatija.hr\/index.php\/spomenici-antifasizma-na-liburniji\/\" class=\"more-link\">Nastavi \u010ditati<span class=\"screen-reader-text\"> &#8220;Spomenici antifa\u0161izma na Liburniji&#8221;<\/span><\/a><\/p>\n","protected":false},"author":1,"featured_media":0,"parent":0,"menu_order":0,"comment_status":"closed","ping_status":"open","template":"","meta":{"_monsterinsights_skip_tracking":false,"_monsterinsights_sitenote_active":false,"_monsterinsights_sitenote_note":"","_monsterinsights_sitenote_category":0,"footnotes":""},"class_list":["post-66","page","type-page","status-publish","hentry"],"_links":{"self":[{"href":"http:\/\/www.uaba-opatija.hr\/index.php\/wp-json\/wp\/v2\/pages\/66","targetHints":{"allow":["GET"]}}],"collection":[{"href":"http:\/\/www.uaba-opatija.hr\/index.php\/wp-json\/wp\/v2\/pages"}],"about":[{"href":"http:\/\/www.uaba-opatija.hr\/index.php\/wp-json\/wp\/v2\/types\/page"}],"author":[{"embeddable":true,"href":"http:\/\/www.uaba-opatija.hr\/index.php\/wp-json\/wp\/v2\/users\/1"}],"replies":[{"embeddable":true,"href":"http:\/\/www.uaba-opatija.hr\/index.php\/wp-json\/wp\/v2\/comments?post=66"}],"version-history":[{"count":4,"href":"http:\/\/www.uaba-opatija.hr\/index.php\/wp-json\/wp\/v2\/pages\/66\/revisions"}],"predecessor-version":[{"id":165,"href":"http:\/\/www.uaba-opatija.hr\/index.php\/wp-json\/wp\/v2\/pages\/66\/revisions\/165"}],"wp:attachment":[{"href":"http:\/\/www.uaba-opatija.hr\/index.php\/wp-json\/wp\/v2\/media?parent=66"}],"curies":[{"name":"wp","href":"https:\/\/api.w.org\/{rel}","templated":true}]}}